{"id":49,"date":"2016-02-18T15:10:52","date_gmt":"2016-02-18T15:10:52","guid":{"rendered":"http:\/\/flatsome.dev\/?page_id=4041"},"modified":"2023-07-27T18:43:13","modified_gmt":"2023-07-27T18:43:13","slug":"ana-sayfa","status":"publish","type":"page","link":"http:\/\/www.beyleryikimhafriyat.com\/ana-sayfa\/","title":{"rendered":"Ana Sayfa"},"content":{"rendered":"\n<div class=\"slider-wrapper relative\" id=\"slider-1855092174\" >\n    <div class=\"slider slider-nav-circle slider-nav-large slider-nav-light slider-style-normal\"\n        data-flickity-options='{\n            \"cellAlign\": \"center\",\n            \"imagesLoaded\": true,\n            \"lazyLoad\": 1,\n            \"freeScroll\": false,\n            \"wrapAround\": true,\n            \"autoPlay\": 6000,\n            \"pauseAutoPlayOnHover\" : true,\n            \"prevNextButtons\": true,\n            \"contain\" : true,\n            \"adaptiveHeight\" : true,\n            \"dragThreshold\" : 10,\n            \"percentPosition\": true,\n            \"pageDots\": true,\n            \"rightToLeft\": false,\n            \"draggable\": true,\n            \"selectedAttraction\": 0.1,\n            \"parallax\" : 0,\n            \"friction\": 0.6        }'\n        >\n        \n\n\n  <div class=\"banner has-hover\" id=\"banner-1973783996\">\n          <div class=\"banner-inner fill\">\n        <div class=\"banner-bg fill\" >\n            <div class=\"bg fill bg-fill \"><\/div>\n                                    \n                    <\/div>\n\t\t\n        <div class=\"banner-layers container\">\n            <div class=\"fill banner-link\"><\/div>            \n\n   <div id=\"text-box-303469354\" class=\"text-box banner-layer x5 md-x5 lg-x5 y95 md-y50 lg-y50 res-text\">\n                                <div class=\"text-box-content text box-shadow-1\">\n              \n              <div class=\"text-inner text-left\">\n                  \n\n<h6>Beyler Y\u0131k\u0131m Hafriyat<\/h6>\n<h3 class=\"uppercase\">\u201c Kentsel D\u00f6n\u00fc\u015f\u00fcm Projelerinin<br \/>Bina ve Fabrika Y\u0131k\u0131mlar\u0131 <br \/>Her T\u00fcrl\u00fc Geri D\u00f6n\u00fc\u015f\u00fcm Hizmeti  \u201d<\/h3>\n\n              <\/div>\n           <\/div>\n                            \n<style>\n#text-box-303469354 .text-box-content {\n  background-color: rgba(255, 255, 255, 0.94);\n  font-size: 100%;\n}\n#text-box-303469354 .text-inner {\n  padding: 30px 30px 30px 30px;\n}\n#text-box-303469354 {\n  width: 90%;\n}\n@media (min-width:550px) {\n  #text-box-303469354 {\n    width: 67%;\n  }\n}\n<\/style>\n    <\/div>\n \n\n        <\/div>\n      <\/div>\n\n            \n<style>\n#banner-1973783996 {\n  padding-top: 534px;\n}\n#banner-1973783996 .bg.bg-loaded {\n  background-image: url(http:\/\/www.beyleryikimhafriyat.com\/wp-content\/uploads\/2023\/07\/banner-img1.jpg);\n}\n#banner-1973783996 .bg {\n  background-position: 62% 60%;\n}\n#banner-1973783996 .ux-shape-divider--top svg {\n  height: 150px;\n  --divider-top-width: 100%;\n}\n#banner-1973783996 .ux-shape-divider--bottom svg {\n  height: 150px;\n  --divider-width: 100%;\n}\n<\/style>\n  <\/div>\n\n\n\n     <\/div>\n\n     <div class=\"loading-spin dark large centered\"><\/div>\n\n     \t<\/div>\n\n\n\t<section class=\"section\" id=\"section_773456944\">\n\t\t<div class=\"bg section-bg fill bg-fill  bg-loaded\" >\n\n\t\t\t\n\t\t\t\n\t\t\t\n\n\t\t<\/div>\n\n\t\t\n\n\t\t<div class=\"section-content relative\">\n\t\t\t\n\n<div class=\"row row-large align-center row-divided\"  id=\"row-1649645875\">\n\n\n\t<div id=\"col-112464650\" class=\"col medium-4 large-4\"  >\n\t\t\t\t<div class=\"col-inner\"  >\n\t\t\t\n\t\t\t\n\n\n\t\t<div class=\"icon-box featured-box icon-box-center text-center\"  style=\"margin:0px 0px 0px 0px;\">\n\t\t\t\t\t<div class=\"icon-box-img\" style=\"width: 105px\">\n\t\t\t\t<div class=\"icon\">\n\t\t\t\t\t<div class=\"icon-inner\" style=\"color:rgb(255, 255, 255);\">\n\t\t\t\t\t\t<img loading=\"lazy\" decoding=\"async\" width=\"216\" height=\"216\" src=\"http:\/\/www.beyleryikimhafriyat.com\/wp-content\/uploads\/2023\/07\/yikim.png\" class=\"attachment-medium size-medium\" alt=\"\" \/>\t\t\t\t\t<\/div>\n\t\t\t\t<\/div>\n\t\t\t<\/div>\n\t\t\t\t<div class=\"icon-box-text last-reset\">\n\t\t\t<h5 class=\"uppercase\">YIKIM<\/h5>\t\t\t\t\t\t\n\n<p>Kentsel D\u00f6n\u00fc\u015f\u00fcm Projelerinin Y\u0131k\u0131m \u0130\u015flemleri<br \/>\nBinalar\u0131n ve Konutlar\u0131n Y\u0131k\u0131m\u0131<br \/>\nKamu Kurumlar\u0131n\u0131n Y\u0131k\u0131m\u0131<br \/>\nHer T\u00fcrl\u00fc Bina Hafriyat\u0131n\u0131n Al\u0131nmas\u0131<br \/>\nFabrikalar\u0131n Y\u0131k\u0131m\u0131 Konular\u0131nda Hizmet Vermekteyiz.<\/p>\n\n\t\t<\/div>\n\t<\/div>\n\t\n\t\n\n\t\t<\/div>\n\t\t\t\t\t<\/div>\n\n\t\n\n\t<div id=\"col-281505285\" class=\"col medium-4 large-4\"  >\n\t\t\t\t<div class=\"col-inner\"  >\n\t\t\t\n\t\t\t\n\n\n\t\t<div class=\"icon-box featured-box icon-box-center text-center\"  style=\"margin:0px 0px 0px 0px;\">\n\t\t\t\t\t<div class=\"icon-box-img\" style=\"width: 111px\">\n\t\t\t\t<div class=\"icon\">\n\t\t\t\t\t<div class=\"icon-inner\" style=\"color:rgb(255, 255, 255);\">\n\t\t\t\t\t\t<img loading=\"lazy\" decoding=\"async\" width=\"216\" height=\"216\" src=\"http:\/\/www.beyleryikimhafriyat.com\/wp-content\/uploads\/2023\/07\/yikim1.png\" class=\"attachment-medium size-medium\" alt=\"\" \/>\t\t\t\t\t<\/div>\n\t\t\t\t<\/div>\n\t\t\t<\/div>\n\t\t\t\t<div class=\"icon-box-text last-reset\">\n\t\t\t<h5 class=\"uppercase\">HAFR\u0130YAT<\/h5>\t\t\t\t\t\t\n\n<p>Hafriyat alan\u0131nda \u00e7\u0131kacak olan malzemenin cinsine g\u00f6re( toprak, kil, grovak, ta\u015f vb. ) her t\u00fcrl\u00fc malzemeye uygun ekip ve te\u00e7hizat ile hafriyat\u0131n en h\u0131zl\u0131 \u015fekilde emniyet tedbirleri \u00f6n planda tutularak al\u0131nmas\u0131 ve nakliye yap\u0131lmas\u0131 sa\u011flan\u0131r.<\/p>\n\n\t\t<\/div>\n\t<\/div>\n\t\n\t\n\n\t\t<\/div>\n\t\t\t\t\t<\/div>\n\n\t\n\n\t<div id=\"col-982928282\" class=\"col medium-4 large-4\"  >\n\t\t\t\t<div class=\"col-inner\"  >\n\t\t\t\n\t\t\t\n\n\n\t\t<div class=\"icon-box featured-box icon-box-center text-center\"  style=\"margin:0px 0px 0px 0px;\">\n\t\t\t\t\t<div class=\"icon-box-img has-icon-bg\" style=\"width: 117px\">\n\t\t\t\t<div class=\"icon\">\n\t\t\t\t\t<div class=\"icon-inner\" style=\"border-width:2px;color:rgb(255, 255, 255);\">\n\t\t\t\t\t\t<img loading=\"lazy\" decoding=\"async\" width=\"216\" height=\"216\" src=\"http:\/\/www.beyleryikimhafriyat.com\/wp-content\/uploads\/2023\/07\/yikim2-1.png\" class=\"attachment-medium size-medium\" alt=\"\" \/>\t\t\t\t\t<\/div>\n\t\t\t\t<\/div>\n\t\t\t<\/div>\n\t\t\t\t<div class=\"icon-box-text last-reset\">\n\t\t\t<h5 class=\"uppercase\">YIKIM RUHSAT TAK\u0130B\u0130<\/h5>\t\t\t\t\t\t\n\n<p>Bir yap\u0131n\u0131n y\u0131k\u0131lmas\u0131 i\u00e7in \u00f6ncelikle ilgili belediyeden izin al\u0131nmas\u0131 gerekmektedir. Ba\u015fvuru belgesi ve istenilen evraklar toplan\u0131p, izin ruhsat gibi birtak\u0131m i\u015flemlerin yap\u0131lmas\u0131 istenilmektedir, Firmam\u0131z &#8220;\u00c7evre Y\u0131k\u0131m Hafriyat&#8221; projenin y\u0131k\u0131m \u00f6ncesi gerekli kurumlarda ba\u015fvuru ve evrak takibinin yap\u0131lmas\u0131 ile ilgili i\u015flemleri de yapmaktad\u0131r.<\/p>\n\n\t\t<\/div>\n\t<\/div>\n\t\n\t\n\n\t\t<\/div>\n\t\t\t\t\t<\/div>\n\n\t\n\n<\/div>\n\n\t\t<\/div>\n\n\t\t\n<style>\n#section_773456944 {\n  padding-top: 30px;\n  padding-bottom: 30px;\n  background-color: rgb(255, 255, 255);\n}\n#section_773456944 .ux-shape-divider--top svg {\n  height: 150px;\n  --divider-top-width: 100%;\n}\n#section_773456944 .ux-shape-divider--bottom svg {\n  height: 150px;\n  --divider-width: 100%;\n}\n<\/style>\n\t<\/section>\n\t\n<h2 class=\"uppercase\" style=\"text-align: center;\">YIKIM HAFR\u0130YAT S\u00dcRES\u0130NCE M\u00dc\u015eTER\u0130LER\u0130M\u0130Z\u0130N DA\u0130MA YANINDAYIZ..<\/h2>\n\t<section class=\"section\" id=\"section_1716723027\">\n\t\t<div class=\"bg section-bg fill bg-fill  bg-loaded\" >\n\n\t\t\t\n\t\t\t<div class=\"section-bg-overlay absolute fill\"><\/div>\n\t\t\t\n\t<div class=\"is-border\"\n\t\tstyle=\"border-width:1px 0px 1px 0px;\">\n\t<\/div>\n\n\t\t<\/div>\n\n\t\t\n\n\t\t<div class=\"section-content relative\">\n\t\t\t\n\n<div class=\"row row-large align-middle\"  id=\"row-1812608106\">\n\n\n\t<div id=\"col-949845619\" class=\"col medium-6 small-12 large-6\"  >\n\t\t\t\t<div class=\"col-inner\"  >\n\t\t\t\n\t\t\t\n\n\t<div class=\"img has-hover x md-x lg-x y md-y lg-y\" id=\"image_1951564532\">\n\t\t\t\t\t\t\t\t<div class=\"img-inner box-shadow-2 dark\" >\n\t\t\t<img loading=\"lazy\" decoding=\"async\" width=\"1020\" height=\"680\" src=\"http:\/\/www.beyleryikimhafriyat.com\/wp-content\/uploads\/2023\/07\/WhatsApp-Image-2023-07-27-at-20.24.05.jpeg\" class=\"attachment-large size-large\" alt=\"\" srcset=\"http:\/\/www.beyleryikimhafriyat.com\/wp-content\/uploads\/2023\/07\/WhatsApp-Image-2023-07-27-at-20.24.05.jpeg 1024w, http:\/\/www.beyleryikimhafriyat.com\/wp-content\/uploads\/2023\/07\/WhatsApp-Image-2023-07-27-at-20.24.05-600x400.jpeg 600w, http:\/\/www.beyleryikimhafriyat.com\/wp-content\/uploads\/2023\/07\/WhatsApp-Image-2023-07-27-at-20.24.05-768x512.jpeg 768w\" sizes=\"auto, (max-width: 1020px) 100vw, 1020px\" \/>\t\t\t\t\t\t\n\t\t\t\t\t<\/div>\n\t\t\t\t\t\t\t\t\n<style>\n#image_1951564532 {\n  width: 100%;\n}\n<\/style>\n\t<\/div>\n\t\n\n\n\t\t<\/div>\n\t\t\t\t\t<\/div>\n\n\t\n\n\t<div id=\"col-1800583462\" class=\"col medium-6 small-12 large-6\"  >\n\t\t\t\t<div class=\"col-inner text-left\"  >\n\t\t\t\n\t\t\t\n\n<h2 class=\"uppercase\">beyler y\u0131k\u0131m hafriyat<\/h2>\n<p>Bina y\u0131k\u0131m ve hafriyat maliyeti kullan\u0131lan y\u0131k\u0131m teknolojisi, kullan\u0131lan ekipmanlar ve y\u0131k\u0131m yap\u0131lacak olan alan\u0131n ko\u015fullar\u0131 beraber de\u011ferlendirildi\u011finde de\u011fi\u015fken fakt\u00f6rlerin bir araya gelmesi ile farkl\u0131l\u0131k g\u00f6stermektedir. Y\u0131k\u0131m ve hafriyat i\u015flerinin makine ile demirli demirsiz beton in\u015faat\u0131n y\u0131k\u0131lmas\u0131 incelendi\u011finde m\u00fcteahhit kar\u0131 dahil olmak \u00fczere bina y\u0131k\u0131m maliyeti ortalama olarak firmalar aras\u0131nda belirli maliyetleri a\u015fmamak ko\u015fulu ile yap\u0131lmaktad\u0131r.<\/p>\n<p>Profosyonel Kadro ile Zaman\u0131nda \u0130\u015f Teslimi Konusunda Sizleri Memnun Etmeyi Ama\u00e7l\u0131yoruz<\/p>\n\n\t\t<\/div>\n\t\t\t\t\t<\/div>\n\n\t\n\n<\/div>\n\n\t\t<\/div>\n\n\t\t\n<style>\n#section_1716723027 {\n  padding-top: 60px;\n  padding-bottom: 60px;\n  background-color: rgb(193, 193, 193);\n}\n#section_1716723027 .section-bg-overlay {\n  background-color: rgba(255, 255, 255, 0.85);\n}\n#section_1716723027 .ux-shape-divider--top svg {\n  height: 150px;\n  --divider-top-width: 100%;\n}\n#section_1716723027 .ux-shape-divider--bottom svg {\n  height: 150px;\n  --divider-width: 100%;\n}\n<\/style>\n\t<\/section>\n\t\n\t<section class=\"section\" id=\"section_2030627617\">\n\t\t<div class=\"bg section-bg fill bg-fill  bg-loaded\" >\n\n\t\t\t\n\t\t\t<div class=\"section-bg-overlay absolute fill\"><\/div>\n\t\t\t\n\n\t\t<\/div>\n\n\t\t\n\n\t\t<div class=\"section-content relative\">\n\t\t\t\n\n<div class=\"row row-large align-middle\"  id=\"row-1954580294\">\n\n\n\t<div id=\"col-1933926626\" class=\"col medium-6 small-12 large-6\"  >\n\t\t\t\t<div class=\"col-inner text-left\"  >\n\t\t\t\n\t\t\t\n\n<h2 class=\"uppercase\">y\u0131k\u0131m<\/h2>\n<p>Bina y\u0131k\u0131m maliyetinin kompres\u00f6r ve k\u0131r\u0131c\u0131 kullanarak yap\u0131ld\u0131\u011f\u0131nda maliyetin y\u00fczde 80 daha d\u00fc\u015ft\u00fc\u011f\u00fc g\u00f6r\u00fclmektedir. Bina y\u0131k\u0131m teknikleri bina y\u0131k\u0131m maliyetini etkileyen en \u00f6nemli unsurlardand\u0131r. \u00c7o\u011fu zaman y\u00fcksek para \u00f6deyerek istedi\u011fimizden \u00e7ok uzak sonu\u00e7lar alabiliriz. \u0130\u015fin ortas\u0131nda veya sonras\u0131nda meydana gelecek sorunlu i\u015flerle kar\u015f\u0131la\u015fabilir, sinirlenip i\u015fi iptal edebilirsiniz.<\/p>\n<p>Bina Y\u0131k\u0131m\u0131, Okul Y\u0131k\u0131m\u0131, Hastane Y\u0131k\u0131m\u0131, Cami Y\u0131k\u0131m\u0131, Fabrika Y\u0131k\u0131m\u0131, Lojman Y\u0131k\u0131m\u0131 ve Su Kulesi Y\u0131k\u0131mlar\u0131 Olmak \u00fczere Her Alanda Sizlere G\u00fcvenilir Hizmet Vermekteyiz<\/p>\n\n\t\t<\/div>\n\t\t\t\t\t<\/div>\n\n\t\n\n\t<div id=\"col-2130774736\" class=\"col medium-6 small-12 large-6\"  >\n\t\t\t\t<div class=\"col-inner\"  >\n\t\t\t\n\t\t\t\n\n\t<div class=\"img has-hover x md-x lg-x y md-y lg-y\" id=\"image_601803809\">\n\t\t\t\t\t\t\t\t<div class=\"img-inner box-shadow-2 dark\" >\n\t\t\t<img loading=\"lazy\" decoding=\"async\" width=\"1020\" height=\"765\" src=\"http:\/\/www.beyleryikimhafriyat.com\/wp-content\/uploads\/2023\/07\/WhatsApp-Image-2023-07-27-at-20.24.07.jpeg\" class=\"attachment-large size-large\" alt=\"\" srcset=\"http:\/\/www.beyleryikimhafriyat.com\/wp-content\/uploads\/2023\/07\/WhatsApp-Image-2023-07-27-at-20.24.07.jpeg 1024w, http:\/\/www.beyleryikimhafriyat.com\/wp-content\/uploads\/2023\/07\/WhatsApp-Image-2023-07-27-at-20.24.07-533x400.jpeg 533w, http:\/\/www.beyleryikimhafriyat.com\/wp-content\/uploads\/2023\/07\/WhatsApp-Image-2023-07-27-at-20.24.07-768x576.jpeg 768w\" sizes=\"auto, (max-width: 1020px) 100vw, 1020px\" \/>\t\t\t\t\t\t\n\t\t\t\t\t<\/div>\n\t\t\t\t\t\t\t\t\n<style>\n#image_601803809 {\n  width: 100%;\n}\n<\/style>\n\t<\/div>\n\t\n\n\n\t\t<\/div>\n\t\t\t\t\t<\/div>\n\n\t\n\n<\/div>\n\n\t\t<\/div>\n\n\t\t\n<style>\n#section_2030627617 {\n  padding-top: 60px;\n  padding-bottom: 60px;\n  background-color: rgb(255, 255, 255);\n}\n#section_2030627617 .section-bg-overlay {\n  background-color: rgba(255, 255, 255, 0.85);\n}\n#section_2030627617 .ux-shape-divider--top svg {\n  height: 150px;\n  --divider-top-width: 100%;\n}\n#section_2030627617 .ux-shape-divider--bottom svg {\n  height: 150px;\n  --divider-width: 100%;\n}\n<\/style>\n\t<\/section>\n\t\n\t<section class=\"section\" id=\"section_1550033834\">\n\t\t<div class=\"bg section-bg fill bg-fill  bg-loaded\" >\n\n\t\t\t\n\t\t\t<div class=\"section-bg-overlay absolute fill\"><\/div>\n\t\t\t\n\t<div class=\"is-border\"\n\t\tstyle=\"border-width:1px 0px 1px 0px;\">\n\t<\/div>\n\n\t\t<\/div>\n\n\t\t\n\n\t\t<div class=\"section-content relative\">\n\t\t\t\n\n<div class=\"row row-large align-middle\"  id=\"row-2083579928\">\n\n\n\t<div id=\"col-1984691538\" class=\"col medium-6 small-12 large-6\"  >\n\t\t\t\t<div class=\"col-inner\"  >\n\t\t\t\n\t\t\t\n\n\t<div class=\"img has-hover x md-x lg-x y md-y lg-y\" id=\"image_951878501\">\n\t\t\t\t\t\t\t\t<div class=\"img-inner box-shadow-2 dark\" >\n\t\t\t<img loading=\"lazy\" decoding=\"async\" width=\"1020\" height=\"394\" src=\"http:\/\/www.beyleryikimhafriyat.com\/wp-content\/uploads\/2023\/07\/WhatsApp-Image-2023-07-27-at-20.24.08-3.jpeg\" class=\"attachment-large size-large\" alt=\"\" srcset=\"http:\/\/www.beyleryikimhafriyat.com\/wp-content\/uploads\/2023\/07\/WhatsApp-Image-2023-07-27-at-20.24.08-3.jpeg 1024w, http:\/\/www.beyleryikimhafriyat.com\/wp-content\/uploads\/2023\/07\/WhatsApp-Image-2023-07-27-at-20.24.08-3-800x309.jpeg 800w, http:\/\/www.beyleryikimhafriyat.com\/wp-content\/uploads\/2023\/07\/WhatsApp-Image-2023-07-27-at-20.24.08-3-768x297.jpeg 768w\" sizes=\"auto, (max-width: 1020px) 100vw, 1020px\" \/>\t\t\t\t\t\t\n\t\t\t\t\t<\/div>\n\t\t\t\t\t\t\t\t\n<style>\n#image_951878501 {\n  width: 100%;\n}\n<\/style>\n\t<\/div>\n\t\n\n\n\t\t<\/div>\n\t\t\t\t\t<\/div>\n\n\t\n\n\t<div id=\"col-58954937\" class=\"col medium-6 small-12 large-6\"  >\n\t\t\t\t<div class=\"col-inner text-left\"  >\n\t\t\t\n\t\t\t\n\n<h2 class=\"uppercase\">geri d\u00f6n\u00fc\u015f\u00fcm<\/h2>\n<p>\u0130\u015finde ehil olan BEYLER YIKIM ise sizleri t\u00fcm bu olumsuzluklar\u0131 ya\u015fatmamak i\u00e7in her zaman, g\u00fcler y\u00fczl\u00fc ve sab\u0131rl\u0131 m\u00fc\u015fteri hizmetleri ile hizmetinizdedir. Bu konuda hi\u00e7 \u00e7ekinmeden ve g\u00f6n\u00fcl raharl\u0131\u011f\u0131 ile ba\u015fvurabilirsiniz.<\/p>\n<p>Y\u0131k\u0131m ve kentsel d\u00f6n\u00fc\u015f\u00fcm konusunda 7\/24 bizlerden destek ve bilgi alabilirsiniz.<\/p>\n\n\t\t<\/div>\n\t\t\t\t\t<\/div>\n\n\t\n\n<\/div>\n\n\t\t<\/div>\n\n\t\t\n<style>\n#section_1550033834 {\n  padding-top: 60px;\n  padding-bottom: 60px;\n  background-color: rgb(193, 193, 193);\n}\n#section_1550033834 .section-bg-overlay {\n  background-color: rgba(255, 255, 255, 0.85);\n}\n#section_1550033834 .ux-shape-divider--top svg {\n  height: 150px;\n  --divider-top-width: 100%;\n}\n#section_1550033834 .ux-shape-divider--bottom svg {\n  height: 150px;\n  --divider-width: 100%;\n}\n<\/style>\n\t<\/section>\n\t\n\t<section class=\"section\" id=\"section_414577914\">\n\t\t<div class=\"bg section-bg fill bg-fill  bg-loaded\" >\n\n\t\t\t\n\t\t\t\n\t\t\t\n\n\t\t<\/div>\n\n\t\t\n\n\t\t<div class=\"section-content relative\">\n\t\t\t\n\n<div class=\"row\"  id=\"row-2003282281\">\n\n\n\t<div id=\"col-2041190822\" class=\"col small-12 large-12\"  >\n\t\t\t\t<div class=\"col-inner text-center\"  >\n\t\t\t\n\t\t\t\n\n<h2>Referanslar\u0131m\u0131z<\/h2>\n\n\t\t<\/div>\n\t\t\t\t\n<style>\n#col-2041190822 > .col-inner {\n  margin: 40px 0px 0px 0px;\n}\n<\/style>\n\t<\/div>\n\n\t\n\n<\/div>\n<div class=\"row row-large align-middle align-center row-solid\" style=\"max-width:\" id=\"row-1543531485\">\n\n\n\t<div id=\"col-1750023660\" class=\"col medium-2 small-4 large-2\"  >\n\t\t\t\t<div class=\"col-inner\"  >\n\t\t\t\n\t\t\t\n\n\t<div class=\"img has-hover x md-x lg-x y md-y lg-y\" id=\"image_1184591987\">\n\t\t<a class=\"\" href=\"#\"  >\t\t\t\t\t\t<div class=\"img-inner image-overlay-remove-50 dark\" >\n\t\t\t<img loading=\"lazy\" decoding=\"async\" width=\"128\" height=\"71\" src=\"http:\/\/www.beyleryikimhafriyat.com\/wp-content\/uploads\/2023\/07\/partner-logo5.png\" class=\"attachment-large size-large\" alt=\"\" \/>\t\t\t\t\t\t\t<div class=\"overlay\" style=\"background-color: rgba(244, 244, 244, 0.7)\"><\/div>\n\t\t\t\t\t\t\n\t\t\t\t\t<\/div>\n\t\t\t\t\t\t<\/a>\t\t\n<style>\n#image_1184591987 {\n  width: 100%;\n}\n<\/style>\n\t<\/div>\n\t\n\n\n\t\t<\/div>\n\t\t\t\t\t<\/div>\n\n\t\n\n\t<div id=\"col-2025742322\" class=\"col medium-2 small-4 large-2\"  >\n\t\t\t\t<div class=\"col-inner\"  >\n\t\t\t\n\t\t\t\n\n\t<div class=\"img has-hover x md-x lg-x y md-y lg-y\" id=\"image_1319336366\">\n\t\t\t\t\t\t\t\t<div class=\"img-inner image-overlay-remove-50 dark\" >\n\t\t\t<img loading=\"lazy\" decoding=\"async\" width=\"95\" height=\"71\" src=\"http:\/\/www.beyleryikimhafriyat.com\/wp-content\/uploads\/2023\/07\/partner-logo4.png\" class=\"attachment-large size-large\" alt=\"\" \/>\t\t\t\t\t\t\t<div class=\"overlay\" style=\"background-color: rgba(244, 244, 244, 0.7)\"><\/div>\n\t\t\t\t\t\t\n\t\t\t\t\t<\/div>\n\t\t\t\t\t\t\t\t\n<style>\n#image_1319336366 {\n  width: 100%;\n}\n<\/style>\n\t<\/div>\n\t\n\n\n\t\t<\/div>\n\t\t\t\t\t<\/div>\n\n\t\n\n\t<div id=\"col-1113062781\" class=\"col medium-2 small-4 large-2\"  >\n\t\t\t\t<div class=\"col-inner\"  >\n\t\t\t\n\t\t\t\n\n\t<div class=\"img has-hover x md-x lg-x y md-y lg-y\" id=\"image_1804242292\">\n\t\t\t\t\t\t\t\t<div class=\"img-inner image-overlay-remove-50 dark\" >\n\t\t\t<img loading=\"lazy\" decoding=\"async\" width=\"105\" height=\"71\" src=\"http:\/\/www.beyleryikimhafriyat.com\/wp-content\/uploads\/2023\/07\/partner-logo3.png\" class=\"attachment-large size-large\" alt=\"\" \/>\t\t\t\t\t\t\t<div class=\"overlay\" style=\"background-color: rgba(244, 244, 244, 0.7)\"><\/div>\n\t\t\t\t\t\t\n\t\t\t\t\t<\/div>\n\t\t\t\t\t\t\t\t\n<style>\n#image_1804242292 {\n  width: 100%;\n}\n<\/style>\n\t<\/div>\n\t\n\n\n\t\t<\/div>\n\t\t\t\t\t<\/div>\n\n\t\n\n\t<div id=\"col-1306396605\" class=\"col medium-2 small-4 large-2\"  >\n\t\t\t\t<div class=\"col-inner\"  >\n\t\t\t\n\t\t\t\n\n\t<div class=\"img has-hover x md-x lg-x y md-y lg-y\" id=\"image_901777576\">\n\t\t\t\t\t\t\t\t<div class=\"img-inner image-overlay-remove-50 dark\" >\n\t\t\t<img loading=\"lazy\" decoding=\"async\" width=\"150\" height=\"71\" src=\"http:\/\/www.beyleryikimhafriyat.com\/wp-content\/uploads\/2023\/07\/partner-logo2.png\" class=\"attachment-large size-large\" alt=\"\" \/>\t\t\t\t\t\t\t<div class=\"overlay\" style=\"background-color: rgba(244, 244, 244, 0.7)\"><\/div>\n\t\t\t\t\t\t\n\t\t\t\t\t<\/div>\n\t\t\t\t\t\t\t\t\n<style>\n#image_901777576 {\n  width: 100%;\n}\n<\/style>\n\t<\/div>\n\t\n\n\n\t\t<\/div>\n\t\t\t\t\t<\/div>\n\n\t\n\n\t<div id=\"col-1614467094\" class=\"col medium-2 small-4 large-2\"  >\n\t\t\t\t<div class=\"col-inner\"  >\n\t\t\t\n\t\t\t\n\n\t<div class=\"img has-hover x md-x lg-x y md-y lg-y\" id=\"image_1259584711\">\n\t\t\t\t\t\t\t\t<div class=\"img-inner image-overlay-remove-50 dark\" >\n\t\t\t<img loading=\"lazy\" decoding=\"async\" width=\"140\" height=\"71\" src=\"http:\/\/www.beyleryikimhafriyat.com\/wp-content\/uploads\/2023\/07\/partner-logo1.png\" class=\"attachment-large size-large\" alt=\"\" \/>\t\t\t\t\t\t\t<div class=\"overlay\" style=\"background-color: rgba(244, 244, 244, 0.7)\"><\/div>\n\t\t\t\t\t\t\n\t\t\t\t\t<\/div>\n\t\t\t\t\t\t\t\t\n<style>\n#image_1259584711 {\n  width: 100%;\n}\n<\/style>\n\t<\/div>\n\t\n\n\n\t\t<\/div>\n\t\t\t\t\t<\/div>\n\n\t\n\n<\/div>\n\n\t\t<\/div>\n\n\t\t\n<style>\n#section_414577914 {\n  padding-top: 30px;\n  padding-bottom: 30px;\n  background-color: rgb(244, 244, 244);\n}\n#section_414577914 .ux-shape-divider--top svg {\n  height: 150px;\n  --divider-top-width: 100%;\n}\n#section_414577914 .ux-shape-divider--bottom svg {\n  height: 150px;\n  --divider-width: 100%;\n}\n<\/style>\n\t<\/section>\n\t\n\n","protected":false},"excerpt":{"rendered":"","protected":false},"author":1,"featured_media":11,"parent":0,"menu_order":1,"comment_status":"closed","ping_status":"closed","template":"page-blank.php","meta":{"footnotes":""},"class_list":["post-49","page","type-page","status-publish","has-post-thumbnail","hentry"],"_links":{"self":[{"href":"http:\/\/www.beyleryikimhafriyat.com\/ana-sayfa\/wp-json\/wp\/v2\/pages\/49","targetHints":{"allow":["GET"]}}],"collection":[{"href":"http:\/\/www.beyleryikimhafriyat.com\/ana-sayfa\/wp-json\/wp\/v2\/pages"}],"about":[{"href":"http:\/\/www.beyleryikimhafriyat.com\/ana-sayfa\/wp-json\/wp\/v2\/types\/page"}],"author":[{"embeddable":true,"href":"http:\/\/www.beyleryikimhafriyat.com\/ana-sayfa\/wp-json\/wp\/v2\/users\/1"}],"replies":[{"embeddable":true,"href":"http:\/\/www.beyleryikimhafriyat.com\/ana-sayfa\/wp-json\/wp\/v2\/comments?post=49"}],"version-history":[{"count":12,"href":"http:\/\/www.beyleryikimhafriyat.com\/ana-sayfa\/wp-json\/wp\/v2\/pages\/49\/revisions"}],"predecessor-version":[{"id":280,"href":"http:\/\/www.beyleryikimhafriyat.com\/ana-sayfa\/wp-json\/wp\/v2\/pages\/49\/revisions\/280"}],"wp:featuredmedia":[{"embeddable":true,"href":"http:\/\/www.beyleryikimhafriyat.com\/ana-sayfa\/wp-json\/wp\/v2\/media\/11"}],"wp:attachment":[{"href":"http:\/\/www.beyleryikimhafriyat.com\/ana-sayfa\/wp-json\/wp\/v2\/media?parent=49"}],"curies":[{"name":"wp","href":"https:\/\/api.w.org\/{rel}","templated":true}]}}