{"id":344,"date":"2023-07-27T19:01:23","date_gmt":"2023-07-27T19:01:23","guid":{"rendered":"http:\/\/www.beyleryikimhafriyat.com\/ana-sayfa\/?page_id=344"},"modified":"2024-05-27T15:17:34","modified_gmt":"2024-05-27T15:17:34","slug":"iletisim","status":"publish","type":"page","link":"http:\/\/www.beyleryikimhafriyat.com\/ana-sayfa\/iletisim\/","title":{"rendered":"\u0130leti\u015fim"},"content":{"rendered":"\n  <div id=\"page-header-1692413004\" class=\"page-header-wrapper\">\n  <div class=\"page-title dark featured-title\">\n\n    \n    <div class=\"page-title-inner container align-center text-center flex-row-col medium-flex-wrap\" >\n              <div class=\"title-wrapper flex-col\">\n          <h1 class=\"entry-title mb-0\">\n            \u0130leti\u015fim          <\/h1>\n        <\/div>\n                    <div class=\"title-content flex-col\">\n        <div class=\"title-breadcrumbs pb-half pt-half\"><\/div>      <\/div>\n    <\/div>\n\n       <\/div>\n    <\/div>\n  \n\n\t<section class=\"section\" id=\"section_1876627960\">\n\t\t<div class=\"bg section-bg fill bg-fill  bg-loaded\" >\n\n\t\t\t\n\t\t\t\n\t\t\t\n\n\t\t<\/div>\n\n\t\t\n\n\t\t<div class=\"section-content relative\">\n\t\t\t\n\n<div class=\"row row-collapse\" style=\"max-width:900px\" id=\"row-1681260724\">\n\n\n\t<div id=\"col-1011562724\" class=\"col medium-4 small-12 large-4\"  >\n\t\t\t\t<div class=\"col-inner\"  >\n\t\t\t\n\t\t\t\n\n\n\t\t<div class=\"icon-box featured-box icon-box-center text-center\"  >\n\t\t\t\t\t<div class=\"icon-box-img\" style=\"width: 40px\">\n\t\t\t\t<div class=\"icon\">\n\t\t\t\t\t<div class=\"icon-inner\" >\n\t\t\t\t\t\t<img loading=\"lazy\" decoding=\"async\" width=\"120\" height=\"120\" src=\"http:\/\/www.beyleryikimhafriyat.com\/wp-content\/uploads\/2023\/07\/mail-fill.png\" class=\"attachment-medium size-medium\" alt=\"\" \/>\t\t\t\t\t<\/div>\n\t\t\t\t<\/div>\n\t\t\t<\/div>\n\t\t\t\t<div class=\"icon-box-text last-reset\">\n\t\t\t\t\t\t\t\t\t\n\n\t<div id=\"text-893540987\" class=\"text\">\n\t\t\n\n<h4>E-mail<\/h4>\n<p><a class=\"__cf_email__\" href=\"mailto:bilgi@beyleryikimhafriyat.com\">bilgi@beyleryikimhafriyat.com<\/a><\/p>\n\t\t\n<style>\n#text-893540987 {\n  line-height: 1;\n}\n<\/style>\n\t<\/div>\n\t\n\n\t\t<\/div>\n\t<\/div>\n\t\n\t\n\t<div id=\"gap-698834140\" class=\"gap-element clearfix\" style=\"display:block; height:auto;\">\n\t\t\n<style>\n#gap-698834140 {\n  padding-top: 20px;\n}\n<\/style>\n\t<\/div>\n\t\n\n\n\t\t<\/div>\n\t\t\t\t\t<\/div>\n\n\t\n\n\t<div id=\"col-1005099190\" class=\"col medium-4 small-12 large-4\"  >\n\t\t\t\t<div class=\"col-inner\"  >\n\t\t\t\n\t\t\t\n\n\n\t\t<div class=\"icon-box featured-box icon-box-center text-center\"  >\n\t\t\t\t\t<div class=\"icon-box-img\" style=\"width: 40px\">\n\t\t\t\t<div class=\"icon\">\n\t\t\t\t\t<div class=\"icon-inner\" >\n\t\t\t\t\t\t<img loading=\"lazy\" decoding=\"async\" width=\"120\" height=\"120\" src=\"http:\/\/www.beyleryikimhafriyat.com\/wp-content\/uploads\/2023\/07\/map-pin-2-fill.png\" class=\"attachment-medium size-medium\" alt=\"\" \/>\t\t\t\t\t<\/div>\n\t\t\t\t<\/div>\n\t\t\t<\/div>\n\t\t\t\t<div class=\"icon-box-text last-reset\">\n\t\t\t\t\t\t\t\t\t\n\n\t<div id=\"text-1056541836\" class=\"text\">\n\t\t\n\n<h4>Adres<\/h4>\n<p>Merkez: Kartaltepe Mah. Sayfiye sok . No:34\/1 <br \/>Bak\u0131k\u00f6y\/ \u0130STANBUL<\/p>\n<p>\u015eube: Zuhuratbaba Mh. \u015e\u00fckran \u00c7iftli\u011fi Sokak, No:28 Bak\u0131rk\u00f6y &#8211; \u0130STANBUL<\/p>\n\t\t\n<style>\n#text-1056541836 {\n  line-height: 1;\n}\n<\/style>\n\t<\/div>\n\t\n\n\t\t<\/div>\n\t<\/div>\n\t\n\t\n\n\t\t<\/div>\n\t\t\t\t\t<\/div>\n\n\t\n\n\t<div id=\"col-1055190978\" class=\"col medium-4 small-12 large-4\"  >\n\t\t\t\t<div class=\"col-inner\"  >\n\t\t\t\n\t\t\t\n\n\n\t\t<div class=\"icon-box featured-box icon-box-center text-center\"  >\n\t\t\t\t\t<div class=\"icon-box-img\" style=\"width: 40px\">\n\t\t\t\t<div class=\"icon\">\n\t\t\t\t\t<div class=\"icon-inner\" >\n\t\t\t\t\t\t<img loading=\"lazy\" decoding=\"async\" width=\"120\" height=\"120\" src=\"http:\/\/www.beyleryikimhafriyat.com\/wp-content\/uploads\/2023\/07\/phone-fill-1.png\" class=\"attachment-medium size-medium\" alt=\"\" \/>\t\t\t\t\t<\/div>\n\t\t\t\t<\/div>\n\t\t\t<\/div>\n\t\t\t\t<div class=\"icon-box-text last-reset\">\n\t\t\t\t\t\t\t\t\t\n\n\t<div id=\"text-157775542\" class=\"text\">\n\t\t\n\n<h4>Telefon<\/h4>\n<h5>(+90) 532 057 69 92<\/h5>\n<h5>(+90) 532 058 20 69<\/h5>\n<h5>0212 571 00 69<\/h5>\n\t\t\n<style>\n#text-157775542 {\n  line-height: 1;\n}\n<\/style>\n\t<\/div>\n\t\n\n\t\t<\/div>\n\t<\/div>\n\t\n\t\n\n\t\t<\/div>\n\t\t\t\t\t<\/div>\n\n\t\n\n<\/div>\n\n\t\t<\/div>\n\n\t\t\n<style>\n#section_1876627960 {\n  padding-top: 30px;\n  padding-bottom: 30px;\n  background-color: rgb(212, 225, 231);\n}\n#section_1876627960 .ux-shape-divider--top svg {\n  height: 150px;\n  --divider-top-width: 100%;\n}\n#section_1876627960 .ux-shape-divider--bottom svg {\n  height: 150px;\n  --divider-width: 100%;\n}\n<\/style>\n\t<\/section>\n\t\n\t<div id=\"text-4239131231\" class=\"text\">\n\t\t\n\n<p><iframe src=\"https:\/\/www.google.com\/maps\/embed?pb=!1m18!1m12!1m3!1d3012.0267345389925!2d28.865526575621434!3d40.98089542111114!2m3!1f0!2f0!3f0!3m2!1i1024!2i768!4f13.1!3m3!1m2!1s0x14cabcaefc2e3e47%3A0x794a39b0b9af707c!2sBeyler%20Yikim-Hafriyat!5e0!3m2!1str!2str!4v1690489457152!5m2!1str!2str\" width=\"1000\" height=\"450\" style=\"border:0;\" allowfullscreen=\"\" loading=\"lazy\" referrerpolicy=\"no-referrer-when-downgrade\"><\/iframe><\/p>\n\t\t\n<style>\n#text-4239131231 {\n  font-size: 0.75rem;\n  line-height: 0.75;\n  text-align: center;\n}\n<\/style>\n\t<\/div>\n\t\n<div class=\"row row-collapse row-full-width\"  id=\"row-1716236466\">\n\n\n<\/div>\n\n","protected":false},"excerpt":{"rendered":"","protected":false},"author":1,"featured_media":0,"parent":0,"menu_order":0,"comment_status":"closed","ping_status":"closed","template":"","meta":{"footnotes":""},"class_list":["post-344","page","type-page","status-publish","hentry"],"_links":{"self":[{"href":"http:\/\/www.beyleryikimhafriyat.com\/ana-sayfa\/wp-json\/wp\/v2\/pages\/344","targetHints":{"allow":["GET"]}}],"collection":[{"href":"http:\/\/www.beyleryikimhafriyat.com\/ana-sayfa\/wp-json\/wp\/v2\/pages"}],"about":[{"href":"http:\/\/www.beyleryikimhafriyat.com\/ana-sayfa\/wp-json\/wp\/v2\/types\/page"}],"author":[{"embeddable":true,"href":"http:\/\/www.beyleryikimhafriyat.com\/ana-sayfa\/wp-json\/wp\/v2\/users\/1"}],"replies":[{"embeddable":true,"href":"http:\/\/www.beyleryikimhafriyat.com\/ana-sayfa\/wp-json\/wp\/v2\/comments?post=344"}],"version-history":[{"count":11,"href":"http:\/\/www.beyleryikimhafriyat.com\/ana-sayfa\/wp-json\/wp\/v2\/pages\/344\/revisions"}],"predecessor-version":[{"id":369,"href":"http:\/\/www.beyleryikimhafriyat.com\/ana-sayfa\/wp-json\/wp\/v2\/pages\/344\/revisions\/369"}],"wp:attachment":[{"href":"http:\/\/www.beyleryikimhafriyat.com\/ana-sayfa\/wp-json\/wp\/v2\/media?parent=344"}],"curies":[{"name":"wp","href":"https:\/\/api.w.org\/{rel}","templated":true}]}}