{"id":340,"date":"2023-07-27T18:59:49","date_gmt":"2023-07-27T18:59:49","guid":{"rendered":"http:\/\/www.beyleryikimhafriyat.com\/ana-sayfa\/?page_id=340"},"modified":"2023-07-27T19:00:34","modified_gmt":"2023-07-27T19:00:34","slug":"referanslarimiz","status":"publish","type":"page","link":"http:\/\/www.beyleryikimhafriyat.com\/ana-sayfa\/referanslarimiz\/","title":{"rendered":"Referanslar\u0131m\u0131z"},"content":{"rendered":"\n<h2>\u00c7al\u0131\u015ft\u0131\u011f\u0131m\u0131z Se\u00e7kin \u015eirketler<\/h2>\n<div class=\"construction-company\">\n<ul class=\"post-info\">\n<li>Beyler Y\u0131k\u0131m olarak tercih nedeni oldu\u011fumuz i\u00e7in mutluyuz, Nice \u0130\u015f Birliklerine..<\/li>\n<\/ul>\n<h3>Referanslar\u0131m\u0131zdan<br \/>Hakk\u0131m\u0131zda Daha Detayl\u0131 Bilgi Alabilirsiniz<\/h3>\n<ul class=\"post-links\">\n<li>\u0130stanbul \u0130kitelli Spor Kompleksi Y\u0131k\u0131m ve Enkaz Nakli \/ \u0130stanbul B\u00fcy\u00fck \u015eehir Belediyesi \/ Fatih Terim Stad\u0131<\/li>\n<li>\u0130stanbul Topkap\u0131 Kale Kilit Fabrkas\u0131 Y\u0131k\u0131m ve Enkaz Nakli \/ Kale A.\u015e.<\/li>\n<li>\u0130stanbul Ey\u00fcp Cam Fabrikas\u0131 Y\u0131k\u0131m\u0131 \/ Cihant\u00fcrk \u0130n\u015f.M\u00fch. Mustafa Cihant\u00fcrk<\/li>\n<li>\u0130stanbul Bak\u0131rk\u00f6y Muhtelif Bina Y\u0131k\u0131m\u0131 ve Enkaz Nakli \/ Onur Yap\u0131 Tasar\u0131m San. ve Tic.Ltd.\u015eti<\/li>\n<li>\u0130stanbul Bak\u0131rk\u00f6y Muhtelif Bina Y\u0131k\u0131m\u0131 \/ Delta Kentsel Yap\u0131 San. A.\u015e.<\/li>\n<li>\u0130stanbul \u015ei\u015fli Bomonti Hilton Oteli Eski Bira Fabrikas\u0131 Y\u0131k\u0131m ve S\u00f6k\u00fcm Kaz\u0131 \u0130\u015flemi \/ \u0130sta\u00e7 A.\u015e &#8211; Ko\u015fuk A.\u015e.<\/li>\n<li>\u0130stanbul Bak\u0131rk\u00f6y Muhtelif Bina Y\u0131k\u0131m\u0131 ve Enkaz Nakli \/ Bulut Mimarl\u0131k M\u00fch.\u0130n\u015f.Turz.Tic.Ltd.\u015eti<\/li>\n<li>\u0130stanbul Beyo\u011flu Piyalepa\u015fa \u015eantiyesi Muhtelif Bina Y\u0131k\u0131m\u0131 \/ Polat Holding A.\u015e.<\/li>\n<li>\u0130stanbul Bak\u0131rk\u00f6y Muhtelif Bina Y\u0131k\u0131m\u0131 ve Enkaz Nakli \/ Mustafao\u011flu \u0130n\u015f ve Mim.San.Tic.Ltd.\u015eti<\/li>\n<li>\u0130stanbul Bak\u0131rk\u00f6y Muhtelif Bina Y\u0131k\u0131m\u0131 ve Enkaz Nakli \/ Tema\u015f Grup Ltd.\u015eti.<\/li>\n<li>\u0130stanbul \u0130kitelli Kipta\u015f Konutlar\u0131 Bina Y\u0131k\u0131m ve Enkaz Nakli \/ Kipta\u015f Masko Evleri<\/li>\n<li>\u0130stanbul Bak\u0131rk\u00f6y Muhtelif Bina Y\u0131k\u0131m\u0131 ve Enkaz Nakli \/ Delta Kentsel Yap\u0131lar San.A.\u015e.<\/li>\n<li>\u0130stanbul Bak\u0131rk\u00f6y Muhtelif Bina Y\u0131k\u0131m\u0131 ve Enkaz Nakli \/ Hkn M\u00fch.\u0130n\u015f.Taah.San. ve Tic.Ltd.\u015eti<\/li>\n<li>\u0130stanbul Bak\u0131rk\u00f6y Muhtelif Bina Y\u0131k\u0131m\u0131 ve Enkaz Nakli \/ Y\u0131ld\u0131r\u0131m Yap\u0131 Tasar\u0131m San.Tic.Ltd.\u015eti<\/li>\n<li>\u0130stanbul Bak\u0131rk\u00f6y Muhtelif Bina Y\u0131k\u0131m\u0131 ve Enkaz Nakli \/ \u00c7aml\u0131k \u0130n\u015f. D\u0131\u015f Tic.Ltd.\u015eti.<\/li>\n<li>\u0130stanbul Bak\u0131rk\u00f6y Muhtelif Bina Y\u0131k\u0131m\u0131 ve Enkaz Nakli \/ Ko\u00e7demir \u0130n\u015f.San.Tic.Ltd.\u015eti.<\/li>\n<li>\u0130stanbul Bak\u0131rk\u00f6y Muhtelif Bina Y\u0131k\u0131m\u0131 ve Enkaz Nakli \/ Sbs M\u00fct.Yap\u0131 \u0130n\u015f.A.\u015e<\/li>\n<li>\u0130stanbul Avc\u0131lar Muhtelif Bina Y\u0131k\u0131m\u0131 ve Enkaz Nakli \/ \u00d6zderler Turz.\u0130n\u015f.San.Tic.Ltd.\u015eti.<\/li>\n<li>\u0130stanbul Bak\u0131rk\u00f6y Muhtelif Bina Y\u0131k\u0131m\u0131 ve Enkaz Nakli \/ Ser Yap\u0131 Mim.\u0130n\u015f. S\u0131dd\u0131k Salamc\u0131<\/li>\n<li>\u0130stanbul Fatih Muhtelif Bina Y\u0131k\u0131m\u0131 ve Enkaz Nakli \/ Tekin Hayvanc\u0131l\u0131k Mim.M\u00fch.\u0130n\u015f.San.Tic.Ltd.\u015eti<\/li>\n<li>\u0130stanbul Bak\u0131rk\u00f6y Muhtelif Bina Y\u0131k\u0131m\u0131 ve Enkaz Nakli \/ Hf Mimarl\u0131k M\u00fch.\u0130n\u015f.San.Tic.Ltd.\u015eti.<\/li>\n<li>\u0130stanbul Bak\u0131rk\u00f6y Muhtelif Bina Y\u0131k\u0131m\u0131 ve Enkaz Nakli \/ Kahramano\u011fullar\u0131 \u0130n\u015f.Ltd.\u015eti.<\/li>\n<li>\u0130stanbul Taksim Muhtelif Bina Y\u0131k\u0131m\u0131 ve Enkaz Nakli \/ Hf Mimarl\u0131k M\u00fch.\u0130n\u015f.San.Tic.Ltd.\u015eti.<\/li>\n<li>\u0130stanbul Beyo\u011flu Muhtelif Bina Y\u0131k\u0131m\u0131 ve Enkaz Nakli \/ Balc\u0131o\u011flu ve Buz \u0130n\u015f. Ortakl\u0131\u011f\u0131<\/li>\n<li>\u0130stanbul Bak\u0131rk\u00f6y Muhtelif Bina Y\u0131k\u0131m\u0131 ve Enkaz Nakli \/ Alinda Org. \u0130n\u015f.G.Tem.Hiz.\u0130\u00e7 D\u0131\u015f Tic.San.Ltd.\u015eti.<\/li>\n<li>\u0130stanbul Yenibosna \u00c7\u00f6p Ar\u0131tma Tesis Y\u0131k\u0131m\u0131 ve Enkaz Nakli \/ Nta Yap\u0131 End.Ltd.\u015eti.<\/li>\n<li>\u0130stanbul Bah\u00e7elievler Muhtelif Bina Y\u0131k\u0131m\u0131 ve Enkaz Nakli \/ Ffk \u0130n\u015f.M\u00fch.San.Tic.Ltd.\u015eti.<\/li>\n<li>\u0130stanbul Ka\u011f\u0131thane Akaryak\u0131t \u0130st. Petrol Ofisi Bina Y\u0131k\u0131m\u0131 ve Enkaz Nakli \/ Royal Yap\u0131 Akaryak\u0131t Turizm \u0130n\u015f.San. ve Tic.Ltd.\u015eti.<\/li>\n<li>\u0130stanbul \u015ei\u015fli 7 Katl\u0131 Muhtelif Bina Y\u0131k\u0131m\u0131 ve Enkaz Nakli \/ Haznedar G\u0131da Turz.\u0130n\u015f.San.Tic.Ltd.\u015eti.<\/li>\n<li>\u0130stanbul Topkap \u015ei\u015fe Cam Fabrikas\u0131 Bina Y\u0131k\u0131m\u0131 ve Enkaz Nakli \/ \u0130\u015f Bankas\u0131<\/li>\n<li>\u0130stanbul Bah\u00e7elievler Koza 4 Nolu 8 Katl\u0131 Muhtelif Bina Y\u0131k\u0131m\u0131 ve Enkaz Nakli \/ Koza 4 Apt. Y\u00f6netimi Hasan Karaahmet<\/li>\n<li>\u0130stanbul Bak\u0131rk\u00f6y Muhtelif Bina Y\u0131k\u0131m\u0131 ve Enkaz Nakli \/ Hac\u0131osman Emlak Geli\u015ftirme \u0130n\u015f.San.Tic.Ltd.\u015eti.<\/li>\n<li>\u0130stanbul Bak\u0131rk\u00f6y Muhtelif Bina Y\u0131k\u0131m\u0131 ve Enkaz Nakli \/ Ada Proje Uygulama \u0130n\u015f.Dek.Taah.Tic.Ltd.\u015eti.<\/li>\n<li>\u0130stanbul Beyo\u011flu Muhtelif Bina Y\u0131k\u0131m\u0131 ve Enkaz Nakli \/ 4A Yap\u0131 Gayrimenkul \u0130n\u015f.San. ve Tic.A.\u015e.<\/li>\n<li>\u0130stanbul Ye\u015filk\u00f6y Muhtelif Bina Y\u0131k\u0131m\u0131 ve Enkaz Nakli \/ Fonksiyon Mimarl\u0131k \u0130n\u015f.Dek.D\u0131\u015f.Tic.Ltd.\u015eti.<\/li>\n<\/ul>\n<\/div>\n<div class=\"mindfulness\">\n<h3>\u015eirketimiz ald\u0131\u011f\u0131 b\u00fct\u00fcn projeleri ba\u015far\u0131l\u0131 g\u00fcvenli bir \u015fekilde zaman\u0131nda tamamlamaktan gurur duymaktad\u0131r.<\/h3>\n<p>Bizleri tercih etti\u011finiz i\u00e7in tekrar te\u015fekk\u00fcr ederiz.<\/p>\n<\/div>\n\n","protected":false},"excerpt":{"rendered":"","protected":false},"author":1,"featured_media":0,"parent":0,"menu_order":0,"comment_status":"closed","ping_status":"closed","template":"","meta":{"footnotes":""},"class_list":["post-340","page","type-page","status-publish","hentry"],"_links":{"self":[{"href":"http:\/\/www.beyleryikimhafriyat.com\/ana-sayfa\/wp-json\/wp\/v2\/pages\/340","targetHints":{"allow":["GET"]}}],"collection":[{"href":"http:\/\/www.beyleryikimhafriyat.com\/ana-sayfa\/wp-json\/wp\/v2\/pages"}],"about":[{"href":"http:\/\/www.beyleryikimhafriyat.com\/ana-sayfa\/wp-json\/wp\/v2\/types\/page"}],"author":[{"embeddable":true,"href":"http:\/\/www.beyleryikimhafriyat.com\/ana-sayfa\/wp-json\/wp\/v2\/users\/1"}],"replies":[{"embeddable":true,"href":"http:\/\/www.beyleryikimhafriyat.com\/ana-sayfa\/wp-json\/wp\/v2\/comments?post=340"}],"version-history":[{"count":2,"href":"http:\/\/www.beyleryikimhafriyat.com\/ana-sayfa\/wp-json\/wp\/v2\/pages\/340\/revisions"}],"predecessor-version":[{"id":342,"href":"http:\/\/www.beyleryikimhafriyat.com\/ana-sayfa\/wp-json\/wp\/v2\/pages\/340\/revisions\/342"}],"wp:attachment":[{"href":"http:\/\/www.beyleryikimhafriyat.com\/ana-sayfa\/wp-json\/wp\/v2\/media?parent=340"}],"curies":[{"name":"wp","href":"https:\/\/api.w.org\/{rel}","templated":true}]}}