{"id":282,"date":"2023-07-27T18:44:51","date_gmt":"2023-07-27T18:44:51","guid":{"rendered":"http:\/\/www.beyleryikimhafriyat.com\/ana-sayfa\/?page_id=282"},"modified":"2023-07-27T18:51:22","modified_gmt":"2023-07-27T18:51:22","slug":"makine-parkurumuz","status":"publish","type":"page","link":"http:\/\/www.beyleryikimhafriyat.com\/ana-sayfa\/makine-parkurumuz\/","title":{"rendered":"Makine Parkurumuz"},"content":{"rendered":"\n<div class=\"row row-collapse row-full-width\"  id=\"row-1306838248\">\n\n\n\t<div id=\"col-1945768478\" class=\"col small-12 large-12\"  >\n\t\t\t\t<div class=\"col-inner\"  >\n\t\t\t\n\t\t\t\n\n<div class=\"row row-collapse\"  id=\"row-1843649442\">\n\n\n\t<div id=\"col-2070837748\" class=\"col small-12 large-12\"  >\n\t\t\t\t<div class=\"col-inner\"  >\n\t\t\t\n\t\t\t\n\n\t<div class=\"img has-hover x md-x lg-x y md-y lg-y\" id=\"image_1436922234\">\n\t\t\t\t\t\t\t\t<div class=\"img-inner dark\" >\n\t\t\t<img loading=\"lazy\" decoding=\"async\" width=\"1020\" height=\"358\" src=\"http:\/\/www.beyleryikimhafriyat.com\/wp-content\/uploads\/2023\/07\/large-img1-1400x492.jpg\" class=\"attachment-large size-large\" alt=\"\" srcset=\"http:\/\/www.beyleryikimhafriyat.com\/wp-content\/uploads\/2023\/07\/large-img1-1400x492.jpg 1400w, http:\/\/www.beyleryikimhafriyat.com\/wp-content\/uploads\/2023\/07\/large-img1-800x281.jpg 800w, http:\/\/www.beyleryikimhafriyat.com\/wp-content\/uploads\/2023\/07\/large-img1-768x270.jpg 768w, http:\/\/www.beyleryikimhafriyat.com\/wp-content\/uploads\/2023\/07\/large-img1-1536x540.jpg 1536w, http:\/\/www.beyleryikimhafriyat.com\/wp-content\/uploads\/2023\/07\/large-img1.jpg 1920w\" sizes=\"auto, (max-width: 1020px) 100vw, 1020px\" \/>\t\t\t\t\t\t\n\t\t\t\t\t<\/div>\n\t\t\t\t\t\t\t\t\n<style>\n#image_1436922234 {\n  width: 100%;\n}\n<\/style>\n\t<\/div>\n\t\n\n\n\t\t<\/div>\n\t\t\t\t\t<\/div>\n\n\t\n\n<\/div>\n\t<div id=\"gap-290419346\" class=\"gap-element clearfix\" style=\"display:block; height:auto;\">\n\t\t\n<style>\n#gap-290419346 {\n  padding-top: 55px;\n}\n<\/style>\n\t<\/div>\n\t\n\n\n\t\t<\/div>\n\t\t\t\t\t<\/div>\n\n\t\n\n\n<style>\n#row-1306838248 > .col > .col-inner {\n  background-color: rgb(255, 255, 255);\n}\n<\/style>\n<\/div>\n<div class=\"row\"  id=\"row-1766565445\">\n\n\n\t<div id=\"col-1442647382\" class=\"col medium-6 small-12 large-6\"  >\n\t\t\t\t<div class=\"col-inner\"  >\n\t\t\t\n\t\t\t\n\n<h3>G\u00fcnden g\u00fcne kendini yenileyen ve parkurunu geni\u015fleten Beyler Y\u0131k\u0131m \u00e7al\u0131\u015fmalar\u0131na h\u0131zl\u0131,g\u00fcvenli ve sa\u011fl\u0131kl\u0131 hizmet anlay\u0131\u015f\u0131 ile siz de\u011ferli m\u00fc\u015fterilerine hizmet vermeye devam etmektedir.<\/h3>\n<ul>\n<li>Bir Adet 24m Volvo Uzun Eri\u015fimli Y\u0131k\u0131m Makas\u0131<\/li>\n<li>4 Adet 30 Tonluk K\u0131r\u0131c\u0131l\u0131 Koval\u0131 Exavator<\/li>\n<li>2 Adet 20 Tonluk K\u0131r\u0131c\u0131l\u0131 Koval\u0131 Eksvator<\/li>\n<li>2 Adet 4 ve 6 Tonluk K\u0131r\u0131c\u0131l\u0131 Koval\u0131 Eksvator<\/li>\n<li>10 Adet T\u0131r Kamyon<\/li>\n<li>2 Adet Kompresor<\/li>\n<li>Say\u0131s\u0131z El Tak\u0131mlar\u0131, Jenarat\u00f6r ve Hilti Gruplar\u0131<\/li>\n<\/ul>\n\n\n\t\t<\/div>\n\t\t\t\t\t<\/div>\n\n\t\n\n\t<div id=\"col-1935354291\" class=\"col medium-6 small-12 large-6\"  >\n\t\t\t\t<div class=\"col-inner\"  >\n\t\t\t\n\t\t\t\n\n\t<div class=\"img has-hover x md-x lg-x y md-y lg-y\" id=\"image_1121127743\">\n\t\t\t\t\t\t\t\t<div class=\"img-inner dark\" >\n\t\t\t<img loading=\"lazy\" decoding=\"async\" width=\"285\" height=\"400\" src=\"http:\/\/www.beyleryikimhafriyat.com\/wp-content\/uploads\/2023\/07\/grid-img12-285x400.jpg\" class=\"attachment-medium size-medium\" alt=\"\" srcset=\"http:\/\/www.beyleryikimhafriyat.com\/wp-content\/uploads\/2023\/07\/grid-img12-285x400.jpg 285w, http:\/\/www.beyleryikimhafriyat.com\/wp-content\/uploads\/2023\/07\/grid-img12.jpg 370w\" sizes=\"auto, (max-width: 285px) 100vw, 285px\" \/>\t\t\t\t\t\t\n\t\t\t\t\t<\/div>\n\t\t\t\t\t\t\t\t\n<style>\n#image_1121127743 {\n  width: 100%;\n}\n<\/style>\n\t<\/div>\n\t\n\n\n\t\t<\/div>\n\t\t\t\t\t<\/div>\n\n\t\n\n<\/div>\n\n","protected":false},"excerpt":{"rendered":"","protected":false},"author":1,"featured_media":0,"parent":0,"menu_order":0,"comment_status":"closed","ping_status":"closed","template":"","meta":{"footnotes":""},"class_list":["post-282","page","type-page","status-publish","hentry"],"_links":{"self":[{"href":"http:\/\/www.beyleryikimhafriyat.com\/ana-sayfa\/wp-json\/wp\/v2\/pages\/282","targetHints":{"allow":["GET"]}}],"collection":[{"href":"http:\/\/www.beyleryikimhafriyat.com\/ana-sayfa\/wp-json\/wp\/v2\/pages"}],"about":[{"href":"http:\/\/www.beyleryikimhafriyat.com\/ana-sayfa\/wp-json\/wp\/v2\/types\/page"}],"author":[{"embeddable":true,"href":"http:\/\/www.beyleryikimhafriyat.com\/ana-sayfa\/wp-json\/wp\/v2\/users\/1"}],"replies":[{"embeddable":true,"href":"http:\/\/www.beyleryikimhafriyat.com\/ana-sayfa\/wp-json\/wp\/v2\/comments?post=282"}],"version-history":[{"count":2,"href":"http:\/\/www.beyleryikimhafriyat.com\/ana-sayfa\/wp-json\/wp\/v2\/pages\/282\/revisions"}],"predecessor-version":[{"id":290,"href":"http:\/\/www.beyleryikimhafriyat.com\/ana-sayfa\/wp-json\/wp\/v2\/pages\/282\/revisions\/290"}],"wp:attachment":[{"href":"http:\/\/www.beyleryikimhafriyat.com\/ana-sayfa\/wp-json\/wp\/v2\/media?parent=282"}],"curies":[{"name":"wp","href":"https:\/\/api.w.org\/{rel}","templated":true}]}}